{"id":6,"date":"2024-01-04T23:46:15","date_gmt":"2024-01-04T22:46:15","guid":{"rendered":"http:\/\/hzwvxid.cluster030.hosting.ovh.net\/?page_id=6"},"modified":"2025-02-11T01:09:25","modified_gmt":"2025-02-11T00:09:25","slug":"site-en-construction","status":"publish","type":"page","link":"https:\/\/lesenfantsindigo-rock.com\/","title":{"rendered":"Accueil"},"content":{"rendered":"\t\t<div data-elementor-type=\"wp-page\" data-elementor-id=\"6\" class=\"elementor elementor-6\">\n\t\t\t\t<div class=\"elementor-element elementor-element-fff5281 e-flex e-con-boxed e-con e-parent\" data-id=\"fff5281\" data-element_type=\"container\" data-e-type=\"container\">\n\t\t\t\t\t<div class=\"e-con-inner\">\n\t\t\t\t<div class=\"elementor-element elementor-element-fea1da4 animated-slow elementor-invisible elementor-widget elementor-widget-image\" data-id=\"fea1da4\" data-element_type=\"widget\" data-e-type=\"widget\" data-settings=\"{&quot;_animation&quot;:&quot;fadeInDown&quot;}\" data-widget_type=\"image.default\">\n\t\t\t\t<div class=\"elementor-widget-container\">\n\t\t\t\t\t\t\t\t\t\t\t\t\t\t\t<img fetchpriority=\"high\" decoding=\"async\" width=\"747\" height=\"1024\" src=\"https:\/\/lesenfantsindigo-rock.com\/wp-content\/uploads\/2024\/01\/cropped-sketch1706277243811_resized_sign-747x1024.png\" class=\"attachment-large size-large wp-image-144\" alt=\"\" srcset=\"https:\/\/lesenfantsindigo-rock.com\/wp-content\/uploads\/2024\/01\/cropped-sketch1706277243811_resized_sign-747x1024.png 747w, https:\/\/lesenfantsindigo-rock.com\/wp-content\/uploads\/2024\/01\/cropped-sketch1706277243811_resized_sign-219x300.png 219w, https:\/\/lesenfantsindigo-rock.com\/wp-content\/uploads\/2024\/01\/cropped-sketch1706277243811_resized_sign-768x1053.png 768w, https:\/\/lesenfantsindigo-rock.com\/wp-content\/uploads\/2024\/01\/cropped-sketch1706277243811_resized_sign-1120x1536.png 1120w, https:\/\/lesenfantsindigo-rock.com\/wp-content\/uploads\/2024\/01\/cropped-sketch1706277243811_resized_sign-1494x2048.png 1494w, https:\/\/lesenfantsindigo-rock.com\/wp-content\/uploads\/2024\/01\/cropped-sketch1706277243811_resized_sign-1000x1371.png 1000w, https:\/\/lesenfantsindigo-rock.com\/wp-content\/uploads\/2024\/01\/cropped-sketch1706277243811_resized_sign-230x315.png 230w, https:\/\/lesenfantsindigo-rock.com\/wp-content\/uploads\/2024\/01\/cropped-sketch1706277243811_resized_sign-350x480.png 350w, https:\/\/lesenfantsindigo-rock.com\/wp-content\/uploads\/2024\/01\/cropped-sketch1706277243811_resized_sign-480x658.png 480w, https:\/\/lesenfantsindigo-rock.com\/wp-content\/uploads\/2024\/01\/cropped-sketch1706277243811_resized_sign.png 1920w\" sizes=\"(max-width: 747px) 100vw, 747px\" \/>\t\t\t\t\t\t\t\t\t\t\t\t\t\t\t<\/div>\n\t\t\t\t<\/div>\n\t\t\t\t\t<\/div>\n\t\t\t\t<\/div>\n\t\t<div class=\"elementor-element elementor-element-58f1935 e-flex e-con-boxed e-con e-parent\" data-id=\"58f1935\" data-element_type=\"container\" data-e-type=\"container\">\n\t\t\t\t\t<div class=\"e-con-inner\">\n\t\t\t\t<div class=\"elementor-element elementor-element-88a5a57 elementor-widget elementor-widget-heading\" data-id=\"88a5a57\" data-element_type=\"widget\" data-e-type=\"widget\" data-widget_type=\"heading.default\">\n\t\t\t\t<div class=\"elementor-widget-container\">\n\t\t\t\t\t<h2 class=\"elementor-heading-title elementor-size-default\">Les Enfants Indigo<br>-Rock Fran\u00e7ais-<\/h2>\t\t\t\t<\/div>\n\t\t\t\t<\/div>\n\t\t\t\t\t<\/div>\n\t\t\t\t<\/div>\n\t\t<div class=\"elementor-element elementor-element-70254b4 e-flex e-con-boxed e-con e-parent\" data-id=\"70254b4\" data-element_type=\"container\" data-e-type=\"container\">\n\t\t\t\t\t<div class=\"e-con-inner\">\n\t\t\t\t<div class=\"elementor-element elementor-element-fe8ce23 elementor-drop-cap-yes elementor-drop-cap-view-default elementor-widget elementor-widget-text-editor\" data-id=\"fe8ce23\" data-element_type=\"widget\" data-e-type=\"widget\" data-settings=\"{&quot;drop_cap&quot;:&quot;yes&quot;}\" data-widget_type=\"text-editor.default\">\n\t\t\t\t<div class=\"elementor-widget-container\">\n\t\t\t\t\t\t\t\t\t<h6><span style=\"font-family: Comic Sans MS, cursive;\">Le projet \u00ab Les Enfants Indigo \u00bb est n\u00e9 de la rencontre entre <span style=\"color: #ff9900;\">Jean-Charles Guillemot<\/span> (Basse) et<span style=\"color: #ff9900;\"> L\u00e9andre Baconnais<\/span> (chant) en juillet 2023.<\/span><\/h6><h6><span style=\"font-family: Comic Sans MS, cursive;\">Cette collaboration a abouti \u00e0 des compositions en fran\u00e7ais, s\u2019inspirant avec bienveillance et optimisme de ressentis personnels, d\u2019indignations, d\u2019id\u00e9ologies, de tranches de vie, etc. <\/span><\/h6><h6><span style=\"font-family: Comic Sans MS, cursive;\">\u00ab\u00a0Les Enfants Indigo\u00a0\u00bb signifie ici prendre soin de ce que l\u2019on a malgr\u00e9 un avenir incertain, am\u00e9liorer les choses \u00e0 sa fa\u00e7on, dans le respect et l\u2019humanit\u00e9.<\/span><\/h6><h6><span style=\"font-family: Comic Sans MS, cursive;\">En f\u00e9vrier 2024, l\u2019\u00e9quipe est renforc\u00e9e par l\u2019arriv\u00e9e de <span style=\"color: #ff9900;\">Ma\u00ebl Vasse<\/span> \u00e0 la guitare, puis par <span style=\"color: #ff9900;\">Lucas Degrange<\/span> \u00e0 la batterie.<\/span><\/h6><h6><span style=\"font-family: Comic Sans MS, cursive;\">L\u2019orientation musicale du groupe est clairement rock, au sens large. De la Pop aux ambiances lourdes, des paroles engag\u00e9es avec des riffs de guitare ac\u00e9r\u00e9s et efficaces, jusqu\u2019\u00e0 flirter avec le Metal.<\/span><\/h6><h6><span style=\"font-family: Comic Sans MS, cursive;\">En septembre 2024, le groupe a commenc\u00e9 l\u2019enregistrement de maquettes, pour partager son univers musical, et d\u00e9marcher tous types de sc\u00e8nes. Parce que c\u2019est en concert que r\u00e9sonne la musique et que la communion avec le public apporte une vibrante \u00e9nergie \u00e0 ce projet. <\/span><\/h6>\t\t\t\t\t\t\t\t<\/div>\n\t\t\t\t<\/div>\n\t\t\t\t\t<\/div>\n\t\t\t\t<\/div>\n\t\t<div class=\"elementor-element elementor-element-eeccd97 e-flex e-con-boxed e-con e-parent\" data-id=\"eeccd97\" data-element_type=\"container\" data-e-type=\"container\">\n\t\t\t\t\t<div class=\"e-con-inner\">\n\t\t\t\t<div class=\"elementor-element elementor-element-941400e elementor-widget elementor-widget-video\" data-id=\"941400e\" data-element_type=\"widget\" data-e-type=\"widget\" data-settings=\"{&quot;youtube_url&quot;:&quot;https:\\\/\\\/www.youtube.com\\\/watch?v=Wx7ZeRy4-ds&quot;,&quot;video_type&quot;:&quot;youtube&quot;,&quot;controls&quot;:&quot;yes&quot;}\" data-widget_type=\"video.default\">\n\t\t\t\t<div class=\"elementor-widget-container\">\n\t\t\t\t\t\t\t<div class=\"elementor-wrapper elementor-open-inline\">\n\t\t\t<div class=\"elementor-video\"><\/div>\t\t<\/div>\n\t\t\t\t\t\t<\/div>\n\t\t\t\t<\/div>\n\t\t\t\t\t<\/div>\n\t\t\t\t<\/div>\n\t\t<div class=\"elementor-element elementor-element-7fc8422 e-flex e-con-boxed e-con e-parent\" data-id=\"7fc8422\" data-element_type=\"container\" data-e-type=\"container\">\n\t\t\t\t\t<div class=\"e-con-inner\">\n\t\t\t\t<div class=\"elementor-element elementor-element-1f539bd elementor-widget elementor-widget-video\" data-id=\"1f539bd\" data-element_type=\"widget\" data-e-type=\"widget\" data-settings=\"{&quot;youtube_url&quot;:&quot;https:\\\/\\\/www.youtube.com\\\/watch?v=sztBsjI2SWY&quot;,&quot;video_type&quot;:&quot;youtube&quot;,&quot;controls&quot;:&quot;yes&quot;}\" data-widget_type=\"video.default\">\n\t\t\t\t<div class=\"elementor-widget-container\">\n\t\t\t\t\t\t\t<div class=\"elementor-wrapper elementor-open-inline\">\n\t\t\t<div class=\"elementor-video\"><\/div>\t\t<\/div>\n\t\t\t\t\t\t<\/div>\n\t\t\t\t<\/div>\n\t\t\t\t\t<\/div>\n\t\t\t\t<\/div>\n\t\t\t\t<\/div>\n\t\t","protected":false},"excerpt":{"rendered":"<p>Les Enfants Indigo-Rock Fran\u00e7ais- Le projet \u00ab Les Enfants Indigo \u00bb est n\u00e9 de la rencontre entre Jean-Charles Guillemot (Basse) et L\u00e9andre [&hellip;]<\/p>\n","protected":false},"author":1,"featured_media":0,"parent":0,"menu_order":0,"comment_status":"closed","ping_status":"closed","template":"page-templates\/page_front-page.php","meta":{"_editorskit_title_hidden":false,"_editorskit_reading_time":0,"_editorskit_is_block_options_detached":false,"_editorskit_block_options_position":"{}","footnotes":""},"class_list":["post-6","page","type-page","status-publish","hentry"],"_links":{"self":[{"href":"https:\/\/lesenfantsindigo-rock.com\/index.php\/wp-json\/wp\/v2\/pages\/6","targetHints":{"allow":["GET"]}}],"collection":[{"href":"https:\/\/lesenfantsindigo-rock.com\/index.php\/wp-json\/wp\/v2\/pages"}],"about":[{"href":"https:\/\/lesenfantsindigo-rock.com\/index.php\/wp-json\/wp\/v2\/types\/page"}],"author":[{"embeddable":true,"href":"https:\/\/lesenfantsindigo-rock.com\/index.php\/wp-json\/wp\/v2\/users\/1"}],"replies":[{"embeddable":true,"href":"https:\/\/lesenfantsindigo-rock.com\/index.php\/wp-json\/wp\/v2\/comments?post=6"}],"version-history":[{"count":77,"href":"https:\/\/lesenfantsindigo-rock.com\/index.php\/wp-json\/wp\/v2\/pages\/6\/revisions"}],"predecessor-version":[{"id":231,"href":"https:\/\/lesenfantsindigo-rock.com\/index.php\/wp-json\/wp\/v2\/pages\/6\/revisions\/231"}],"wp:attachment":[{"href":"https:\/\/lesenfantsindigo-rock.com\/index.php\/wp-json\/wp\/v2\/media?parent=6"}],"curies":[{"name":"wp","href":"https:\/\/api.w.org\/{rel}","templated":true}]}}